{"id":1116,"date":"2017-02-21T22:34:33","date_gmt":"2017-02-21T21:34:33","guid":{"rendered":"https:\/\/www.quantic-avocats.com\/assistance-dediee-aux-directions-juridiques\/"},"modified":"2017-02-23T09:27:33","modified_gmt":"2017-02-23T08:27:33","slug":"dedicated-assistance-for-legal-departments","status":"publish","type":"page","link":"https:\/\/www.quantic-avocats.com\/en\/dedicated-assistance-for-legal-departments\/","title":{"rendered":"Dedicated assistance for legal departments"},"content":{"rendered":"<p><div class=\"fusion-fullwidth fullwidth-box fusion-builder-row-1 hundred-percent-fullwidth non-hundred-percent-height-scrolling\" style=\"--awb-border-radius-top-left:0px;--awb-border-radius-top-right:0px;--awb-border-radius-bottom-right:0px;--awb-border-radius-bottom-left:0px;--awb-padding-top:10px;--awb-padding-right:0px;--awb-padding-bottom:10px;--awb-padding-left:00px;--awb-margin-top:10px;--awb-flex-wrap:wrap;\" ><div class=\"fusion-builder-row fusion-row\"><div class=\"fusion-layout-column fusion_builder_column fusion-builder-column-0 fusion_builder_column_1_1 1_1 fusion-one-full fusion-column-first fusion-column-last fusion-animated\" style=\"--awb-padding-top:15px;--awb-padding-bottom:15px;--awb-bg-size:cover;\" data-animationType=\"fadeInDown\" data-animationDuration=\"0.6\" data-animationOffset=\"top-into-view\"><div class=\"fusion-column-wrapper fusion-flex-column-wrapper-legacy\"><div class=\"fusion-column-content-centered\"><div class=\"fusion-column-content\"><div class=\"fusion-text fusion-text-1\"><p style=\"text-align: justify;\"><strong>We have dedicated resources within our law firm which enable us to provide substantive assistance to legal departments for the duration that the client considers necessary.<\/strong><\/p>\n<p>This assistance service is completely flexible, with the aim of enabling you to better manage your team&#8217;s workload and giving you peace of mind.<br \/>\nIt is up to you to define the conditions of this service, in accordance with your context:<br \/>\n\u2013 Before the end of the fiscal quarter, you urgently need to delegate the negotiation of one or more contracts that cannot be managed by your team,<br \/>\n\u2013 You have not yet been able to hire a lawyer to replace a member of your team who is leaving the company, and you need to ensure a proper transition,<br \/>\n\u2013 You do not have the resources to carry out an unforeseen additional task as part of the workload, and need to subcontract it.<\/p>\n<p style=\"text-align: justify;\">Whatever your situation, we will adapt to your timing, deadline or budget constraints.<\/p>\n<p style=\"text-align: justify;\">We offer fixed-price or time-based invoicing, at your convenience. There will be no obligation on your part to commit over the long term; we know that you do not necessarily have enough foresight on the workload to be able entrust it to us over the medium or long term.<\/p>\n<p>We will assist you by being responsive, day-to-day and according to your needs, in order to help you resolve urgent matters.<\/p>\n<p>In practice, we integrate fully into your legal team and work in a permanent relationship with lawyers and operational staff, either at your premises or remotely.<\/p>\n<p style=\"text-align: justify;\">We are your relay team for all the files you entrust to us. We work with a very operational and practical approach, as if we were members of your team .<br \/>\nOur clients include several major American and European software editors, with whom we have had the pleasure of working for several years. If you serve an American company, we will be able to take into account your specific problems, for example requirements specific to US law or revenue recognition.<\/p>\n<p style=\"text-align: justify;\">We work in French, English and sometimes Spanish.<\/p>\n<\/div><\/div><\/div><div class=\"fusion-clearfix\"><\/div><\/div><\/div><\/div><\/div><div class=\"fusion-fullwidth fullwidth-box fusion-builder-row-2 nonhundred-percent-fullwidth non-hundred-percent-height-scrolling\" style=\"--awb-border-radius-top-left:0px;--awb-border-radius-top-right:0px;--awb-border-radius-bottom-right:0px;--awb-border-radius-bottom-left:0px;--awb-padding-top:20px;--awb-padding-bottom:00px;--awb-margin-bottom:0px;--awb-flex-wrap:wrap;\" ><div class=\"fusion-builder-row fusion-row\"><div class=\"fusion-layout-column fusion_builder_column fusion-builder-column-1 fusion_builder_column_1_1 1_1 fusion-one-full fusion-column-first fusion-column-last\" style=\"--awb-bg-size:cover;\"><div class=\"fusion-column-wrapper fusion-flex-column-wrapper-legacy\"><div class=\"fusion-title title fusion-title-1 fusion-title-center fusion-title-text fusion-title-size-three\" style=\"--awb-margin-top-small:0px;--awb-margin-right-small:0px;--awb-margin-bottom-small:20px;--awb-margin-left-small:0px;--awb-sep-color:#1eabe9;\"><div class=\"title-sep-container title-sep-container-left\"><div class=\"title-sep sep-single sep-solid\" style=\"border-color:#1eabe9;\"><\/div><\/div><span class=\"awb-title-spacer\"><\/span><h3 class=\"fusion-title-heading title-heading-center fusion-responsive-typography-calculated\" style=\"margin:0;--fontSize:26;line-height:1.5;\"><p style=\"text-align: center;\">Our other services:<\/p><\/h3><span class=\"awb-title-spacer\"><\/span><div class=\"title-sep-container title-sep-container-right\"><div class=\"title-sep sep-single sep-solid\" style=\"border-color:#1eabe9;\"><\/div><\/div><\/div><div class=\"fusion-clearfix\"><\/div><\/div><\/div><\/div><\/div><div class=\"fusion-fullwidth fullwidth-box fusion-builder-row-3 hundred-percent-fullwidth non-hundred-percent-height-scrolling\" style=\"--awb-border-radius-top-left:0px;--awb-border-radius-top-right:0px;--awb-border-radius-bottom-right:0px;--awb-border-radius-bottom-left:0px;--awb-padding-top:10px;--awb-padding-right:80px;--awb-padding-bottom:30px;--awb-padding-left:80px;--awb-margin-top:10px;--awb-flex-wrap:wrap;\" ><div class=\"fusion-builder-row fusion-row\"><div class=\"fusion-layout-column fusion_builder_column fusion-builder-column-2 fusion_builder_column_1_2 1_2 fusion-one-half fusion-column-first fusion-animated\" style=\"--awb-padding-top:15px;--awb-padding-bottom:15px;--awb-bg-color:#25bcdd;--awb-bg-color-hover:#25bcdd;--awb-bg-size:cover;width:50%;width:calc(50% - ( ( 4% ) * 0.5 ) );margin-right: 4%;\" data-animationType=\"fadeInDown\" data-animationDuration=\"0.6\" data-animationOffset=\"top-into-view\"><div class=\"fusion-column-wrapper fusion-flex-column-wrapper-legacy\"><div class=\"fusion-column-content-centered\"><div class=\"fusion-column-content\"><div class=\"fusion-text fusion-text-2\"><h5 style=\"text-align: center;\"><a href=\"https:\/\/www.quantic-avocats.com\/en\/advice\/\"><span style=\"color: #ffffff;\">ADVICE<\/span><\/a><\/h5>\n<\/div><\/div><\/div><div class=\"fusion-clearfix\"><\/div><\/div><\/div><div class=\"fusion-layout-column fusion_builder_column fusion-builder-column-3 fusion_builder_column_1_2 1_2 fusion-one-half fusion-column-last fusion-animated\" style=\"--awb-padding-top:15px;--awb-padding-bottom:15px;--awb-bg-color:#25bcdd;--awb-bg-color-hover:#25bcdd;--awb-bg-size:cover;width:50%;width:calc(50% - ( ( 4% ) * 0.5 ) );\" data-animationType=\"fadeInDown\" data-animationDuration=\"0.6\" data-animationOffset=\"top-into-view\"><div class=\"fusion-column-wrapper fusion-flex-column-wrapper-legacy\"><div class=\"fusion-column-content-centered\"><div class=\"fusion-column-content\"><div class=\"fusion-text fusion-text-3\"><h5 style=\"text-align: center;\"><a href=\"https:\/\/www.quantic-avocats.com\/en\/pre-litigation-and-litigation\/\"><span style=\"color: #ffffff;\"> PRE-LITIGATION \/ LITIGATION<\/span><\/a><\/h5>\n<\/div><\/div><\/div><div class=\"fusion-clearfix\"><\/div><\/div><\/div><\/div><\/div><div class=\"fusion-fullwidth fullwidth-box fusion-builder-row-4 nonhundred-percent-fullwidth non-hundred-percent-height-scrolling\" style=\"--awb-border-radius-top-left:0px;--awb-border-radius-top-right:0px;--awb-border-radius-bottom-right:0px;--awb-border-radius-bottom-left:0px;--awb-padding-top:20px;--awb-padding-bottom:00px;--awb-margin-bottom:0px;--awb-flex-wrap:wrap;\" ><div class=\"fusion-builder-row fusion-row\"><div class=\"fusion-layout-column fusion_builder_column fusion-builder-column-4 fusion_builder_column_1_1 1_1 fusion-one-full fusion-column-first fusion-column-last fusion-animated\" style=\"--awb-bg-size:cover;\" data-animationType=\"fadeInLeft\" data-animationDuration=\"0.5\" data-animationOffset=\"top-into-view\"><div class=\"fusion-column-wrapper fusion-flex-column-wrapper-legacy\"><div class=\"fusion-text fusion-text-4\"><p style=\"text-align: center;\">To find out more <a href=\"https:\/\/www.quantic-avocats.com\/en\/our-expertise\/\">see our &#8216;Expertise&#8217; section <\/a><\/p>\n<\/div><div class=\"fusion-clearfix\"><\/div><\/div><\/div><\/div><\/div><\/p>\n","protected":false},"excerpt":{"rendered":"","protected":false},"author":2,"featured_media":0,"parent":0,"menu_order":0,"comment_status":"closed","ping_status":"closed","template":"","meta":{"footnotes":""},"class_list":["post-1116","page","type-page","status-publish","hentry"],"yoast_head":"<!-- This site is optimized with the Yoast SEO plugin v27.4 - https:\/\/yoast.com\/product\/yoast-seo-wordpress\/ -->\n<title>Dedicated assistance for legal departments - Quantic Avocats<\/title>\n<meta name=\"robots\" content=\"index, follow, max-snippet:-1, max-image-preview:large, max-video-preview:-1\" \/>\n<link rel=\"canonical\" href=\"https:\/\/www.quantic-avocats.com\/en\/dedicated-assistance-for-legal-departments\/\" \/>\n<meta property=\"og:locale\" content=\"en_US\" \/>\n<meta property=\"og:type\" content=\"article\" \/>\n<meta property=\"og:title\" content=\"Dedicated assistance for legal departments - Quantic Avocats\" \/>\n<meta property=\"og:url\" content=\"https:\/\/www.quantic-avocats.com\/en\/dedicated-assistance-for-legal-departments\/\" \/>\n<meta property=\"og:site_name\" content=\"Quantic Avocats\" \/>\n<meta property=\"article:modified_time\" content=\"2017-02-23T08:27:33+00:00\" \/>\n<meta name=\"twitter:card\" content=\"summary_large_image\" \/>\n<meta name=\"twitter:label1\" content=\"Est. reading time\" \/>\n\t<meta name=\"twitter:data1\" content=\"6 minutes\" \/>\n<script type=\"application\/ld+json\" class=\"yoast-schema-graph\">{\"@context\":\"https:\\\/\\\/schema.org\",\"@graph\":[{\"@type\":\"WebPage\",\"@id\":\"https:\\\/\\\/www.quantic-avocats.com\\\/en\\\/dedicated-assistance-for-legal-departments\\\/\",\"url\":\"https:\\\/\\\/www.quantic-avocats.com\\\/en\\\/dedicated-assistance-for-legal-departments\\\/\",\"name\":\"Dedicated assistance for legal departments - Quantic Avocats\",\"isPartOf\":{\"@id\":\"https:\\\/\\\/www.quantic-avocats.com\\\/en\\\/#website\"},\"datePublished\":\"2017-02-21T21:34:33+00:00\",\"dateModified\":\"2017-02-23T08:27:33+00:00\",\"breadcrumb\":{\"@id\":\"https:\\\/\\\/www.quantic-avocats.com\\\/en\\\/dedicated-assistance-for-legal-departments\\\/#breadcrumb\"},\"inLanguage\":\"en-US\",\"potentialAction\":[{\"@type\":\"ReadAction\",\"target\":[\"https:\\\/\\\/www.quantic-avocats.com\\\/en\\\/dedicated-assistance-for-legal-departments\\\/\"]}]},{\"@type\":\"BreadcrumbList\",\"@id\":\"https:\\\/\\\/www.quantic-avocats.com\\\/en\\\/dedicated-assistance-for-legal-departments\\\/#breadcrumb\",\"itemListElement\":[{\"@type\":\"ListItem\",\"position\":1,\"name\":\"Accueil\",\"item\":\"https:\\\/\\\/www.quantic-avocats.com\\\/en\\\/\"},{\"@type\":\"ListItem\",\"position\":2,\"name\":\"Dedicated assistance for legal departments\"}]},{\"@type\":\"WebSite\",\"@id\":\"https:\\\/\\\/www.quantic-avocats.com\\\/en\\\/#website\",\"url\":\"https:\\\/\\\/www.quantic-avocats.com\\\/en\\\/\",\"name\":\"Quantic Avocats\",\"description\":\"Propri\u00e9t\u00e9 intellectuelle, Informatique et Internet, donn\u00e9es personnelles\",\"potentialAction\":[{\"@type\":\"SearchAction\",\"target\":{\"@type\":\"EntryPoint\",\"urlTemplate\":\"https:\\\/\\\/www.quantic-avocats.com\\\/en\\\/?s={search_term_string}\"},\"query-input\":{\"@type\":\"PropertyValueSpecification\",\"valueRequired\":true,\"valueName\":\"search_term_string\"}}],\"inLanguage\":\"en-US\"}]}<\/script>\n<!-- \/ Yoast SEO plugin. -->","yoast_head_json":{"title":"Dedicated assistance for legal departments - Quantic Avocats","robots":{"index":"index","follow":"follow","max-snippet":"max-snippet:-1","max-image-preview":"max-image-preview:large","max-video-preview":"max-video-preview:-1"},"canonical":"https:\/\/www.quantic-avocats.com\/en\/dedicated-assistance-for-legal-departments\/","og_locale":"en_US","og_type":"article","og_title":"Dedicated assistance for legal departments - Quantic Avocats","og_url":"https:\/\/www.quantic-avocats.com\/en\/dedicated-assistance-for-legal-departments\/","og_site_name":"Quantic Avocats","article_modified_time":"2017-02-23T08:27:33+00:00","twitter_card":"summary_large_image","twitter_misc":{"Est. reading time":"6 minutes"},"schema":{"@context":"https:\/\/schema.org","@graph":[{"@type":"WebPage","@id":"https:\/\/www.quantic-avocats.com\/en\/dedicated-assistance-for-legal-departments\/","url":"https:\/\/www.quantic-avocats.com\/en\/dedicated-assistance-for-legal-departments\/","name":"Dedicated assistance for legal departments - Quantic Avocats","isPartOf":{"@id":"https:\/\/www.quantic-avocats.com\/en\/#website"},"datePublished":"2017-02-21T21:34:33+00:00","dateModified":"2017-02-23T08:27:33+00:00","breadcrumb":{"@id":"https:\/\/www.quantic-avocats.com\/en\/dedicated-assistance-for-legal-departments\/#breadcrumb"},"inLanguage":"en-US","potentialAction":[{"@type":"ReadAction","target":["https:\/\/www.quantic-avocats.com\/en\/dedicated-assistance-for-legal-departments\/"]}]},{"@type":"BreadcrumbList","@id":"https:\/\/www.quantic-avocats.com\/en\/dedicated-assistance-for-legal-departments\/#breadcrumb","itemListElement":[{"@type":"ListItem","position":1,"name":"Accueil","item":"https:\/\/www.quantic-avocats.com\/en\/"},{"@type":"ListItem","position":2,"name":"Dedicated assistance for legal departments"}]},{"@type":"WebSite","@id":"https:\/\/www.quantic-avocats.com\/en\/#website","url":"https:\/\/www.quantic-avocats.com\/en\/","name":"Quantic Avocats","description":"Propri\u00e9t\u00e9 intellectuelle, Informatique et Internet, donn\u00e9es personnelles","potentialAction":[{"@type":"SearchAction","target":{"@type":"EntryPoint","urlTemplate":"https:\/\/www.quantic-avocats.com\/en\/?s={search_term_string}"},"query-input":{"@type":"PropertyValueSpecification","valueRequired":true,"valueName":"search_term_string"}}],"inLanguage":"en-US"}]}},"_links":{"self":[{"href":"https:\/\/www.quantic-avocats.com\/en\/wp-json\/wp\/v2\/pages\/1116","targetHints":{"allow":["GET"]}}],"collection":[{"href":"https:\/\/www.quantic-avocats.com\/en\/wp-json\/wp\/v2\/pages"}],"about":[{"href":"https:\/\/www.quantic-avocats.com\/en\/wp-json\/wp\/v2\/types\/page"}],"author":[{"embeddable":true,"href":"https:\/\/www.quantic-avocats.com\/en\/wp-json\/wp\/v2\/users\/2"}],"replies":[{"embeddable":true,"href":"https:\/\/www.quantic-avocats.com\/en\/wp-json\/wp\/v2\/comments?post=1116"}],"version-history":[{"count":5,"href":"https:\/\/www.quantic-avocats.com\/en\/wp-json\/wp\/v2\/pages\/1116\/revisions"}],"predecessor-version":[{"id":1246,"href":"https:\/\/www.quantic-avocats.com\/en\/wp-json\/wp\/v2\/pages\/1116\/revisions\/1246"}],"wp:attachment":[{"href":"https:\/\/www.quantic-avocats.com\/en\/wp-json\/wp\/v2\/media?parent=1116"}],"curies":[{"name":"wp","href":"https:\/\/api.w.org\/{rel}","templated":true}]}}