{"id":1127,"date":"2017-02-21T22:49:49","date_gmt":"2017-02-21T21:49:49","guid":{"rendered":"https:\/\/www.quantic-avocats.com\/droits-dauteur\/"},"modified":"2017-11-29T20:14:07","modified_gmt":"2017-11-29T19:14:07","slug":"lawyer-copyright","status":"publish","type":"page","link":"https:\/\/www.quantic-avocats.com\/en\/lawyer-copyright\/","title":{"rendered":"Copyright"},"content":{"rendered":"<p><div class=\"fusion-fullwidth fullwidth-box fusion-builder-row-1 nonhundred-percent-fullwidth non-hundred-percent-height-scrolling\" style=\"--awb-border-radius-top-left:0px;--awb-border-radius-top-right:0px;--awb-border-radius-bottom-right:0px;--awb-border-radius-bottom-left:0px;--awb-padding-top:20px;--awb-padding-bottom:0px;--awb-margin-top:;--awb-flex-wrap:wrap;\" ><div class=\"fusion-builder-row fusion-row\"><div class=\"fusion-layout-column fusion_builder_column fusion-builder-column-0 fusion_builder_column_1_1 1_1 fusion-one-full fusion-column-first fusion-column-last\" style=\"--awb-padding-top:20px;--awb-bg-size:cover;--awb-margin-bottom:0px;\"><div class=\"fusion-column-wrapper fusion-flex-column-wrapper-legacy\"><div class=\"fusion-text fusion-text-1\"><p style=\"text-align: justify;\"><strong>Our lawyers have extensive experience in the area of copyright. They can advise you on assignment, copyright or licencing agreements to be drawn up with your provider or client (according to the individual case), and assist you in case of infringement proceedings.<\/strong><\/p>\n<h2 style=\"text-align: justify;\">Copyright protection<\/h2>\n<p style=\"text-align: justify;\">The issue of copyright arises for any original project, whether it involves software, industrial design, graphic work, databases, etc. It is essential for the creator to protect his or her copyrights by opting for the most appropriate protection strategy to enhance his or her creations. Our lawyers can assist creators in this area by making <strong>recommendations on a copyright protection strategy<\/strong>.<\/p>\n<h2 style=\"text-align: justify;\">Copyright transmission<\/h2>\n<p style=\"text-align: justify;\">The question of copyright protection is followed by the question of the transmission of rights. We assist creators and companies wishing to acquire intellectual property rights in whole or in part by drawing up and negotiating <strong>copyright or intellectual property right assignment agreements<\/strong> on their behalf. The issue of drawing up this type of contract is crucial, given that the <a href=\"https:\/\/www.legifrance.gouv.fr\/affichCode.do?cidTexte=LEGITEXT000006069414\" target=\"_blank\">Intellectual Property Code<\/a> requires that certain mandatory particulars be included, for example: the nature of the rights surrendered, the duration of the assignment, the territory concerned, the finality of the assignment, etc. In the absence of an explicit indication of these particulars, the contract is null and void, which poses a major risk for the contracting party: even though the latter has paid for the copyright, it is not legally the copyright holder, and is therefore exposed to the risk of litigation for infringement.<\/p>\n<p style=\"text-align: justify;\">Some copyright assignment agreements are subject to specific rules for the work concerned, for example in the literary, advertising, or computer science fields. Our lawyers therefore pay particular attention to the process of drawing up <strong>publishing contracts<\/strong>, <strong>advertising contracts<\/strong> and <strong>software rights assignment agreements<\/strong> \u2013 which can be integrated into IT contracts defining the services provided by an IT service provider.<\/p>\n<p style=\"text-align: justify;\">Copyright is transmitted through a chain of contracts. In this way, the purchaser of the intellectual property rights (from the author) may re-assign his rights to a third party or grant user licenses to users. Our lawyers can draw up these <strong>assignment agreements <\/strong>or<strong> intellectual property rights licencing agreements<\/strong>. This licence can also be incorporated into the <strong>General Conditions of Use of an app<\/strong> <strong>or a website<\/strong>.<\/p>\n<h2 style=\"text-align: justify;\">Pre-litigation and litigation in the area of copyright<\/h2>\n<p style=\"text-align: justify;\">In the event of a copyright dispute, our lawyers can assist you in finding an amicable resolution to the dispute. Infringement litigations require specific expertise in the relevant proceedings. We can advise you on initiating litigation proceedings, through <strong>recommendations on a litigation strategy<\/strong> which is appropriate for your circumstances. To this end, we prepare, for example, <strong>formal notices<\/strong>, <strong>seizures for counterfeiting<\/strong>, <strong>customs detentions<\/strong>, <strong>summary judgment applications or substantive proceedings<\/strong>.<\/p>\n<p>&nbsp;<\/p>\n<\/div><div class=\"fusion-clearfix\"><\/div><\/div><\/div><\/div><\/div><div class=\"fusion-fullwidth fullwidth-box fusion-builder-row-2 nonhundred-percent-fullwidth non-hundred-percent-height-scrolling\" style=\"--awb-border-radius-top-left:0px;--awb-border-radius-top-right:0px;--awb-border-radius-bottom-right:0px;--awb-border-radius-bottom-left:0px;--awb-padding-top:20px;--awb-padding-bottom:00px;--awb-margin-bottom:0px;--awb-flex-wrap:wrap;\" ><div class=\"fusion-builder-row fusion-row\"><div class=\"fusion-layout-column fusion_builder_column fusion-builder-column-1 fusion_builder_column_1_1 1_1 fusion-one-full fusion-column-first fusion-column-last\" style=\"--awb-bg-size:cover;\"><div class=\"fusion-column-wrapper fusion-flex-column-wrapper-legacy\"><div class=\"fusion-title title fusion-title-1 fusion-title-center fusion-title-text fusion-title-size-three\" style=\"--awb-margin-top-small:0px;--awb-margin-right-small:0px;--awb-margin-bottom-small:20px;--awb-margin-left-small:0px;--awb-sep-color:#1eabe9;\"><div class=\"title-sep-container title-sep-container-left\"><div class=\"title-sep sep-single sep-solid\" style=\"border-color:#1eabe9;\"><\/div><\/div><span class=\"awb-title-spacer\"><\/span><h3 class=\"fusion-title-heading title-heading-center fusion-responsive-typography-calculated\" style=\"margin:0;--fontSize:26;line-height:1.5;\"><p style=\"text-align: center;\">Our other expertises<\/p><\/h3><span class=\"awb-title-spacer\"><\/span><div class=\"title-sep-container title-sep-container-right\"><div class=\"title-sep sep-single sep-solid\" style=\"border-color:#1eabe9;\"><\/div><\/div><\/div><div class=\"fusion-clearfix\"><\/div><\/div><\/div><\/div><\/div><div class=\"fusion-fullwidth fullwidth-box fusion-builder-row-3 hundred-percent-fullwidth non-hundred-percent-height-scrolling\" style=\"--awb-border-radius-top-left:0px;--awb-border-radius-top-right:0px;--awb-border-radius-bottom-right:0px;--awb-border-radius-bottom-left:0px;--awb-padding-top:20px;--awb-padding-right:40px;--awb-padding-bottom:20px;--awb-padding-left:40px;--awb-flex-wrap:wrap;\" ><div class=\"fusion-builder-row fusion-row\"><div class=\"fusion-layout-column fusion_builder_column fusion-builder-column-2 fusion_builder_column_1_3 1_3 fusion-one-third fusion-column-first fusion-animated\" style=\"--awb-padding-top:15px;--awb-padding-bottom:15px;--awb-bg-color:#03568e;--awb-bg-color-hover:#03568e;--awb-bg-size:cover;width:33.333333333333%;width:calc(33.333333333333% - ( ( 4% + 4% ) * 0.33333333333333 ) );margin-right: 4%;\" data-animationType=\"fadeInDown\" data-animationDuration=\"0.6\" data-animationOffset=\"top-into-view\"><div class=\"fusion-column-wrapper fusion-flex-column-wrapper-legacy\"><div class=\"fusion-column-content-centered\"><div class=\"fusion-column-content\"><div class=\"fusion-text fusion-text-2\"><h5 style=\"text-align: center;\"><a href=\"https:\/\/www.quantic-avocats.com\/en\/lawyer-copyright\/\"><span style=\"color: #ffffff;\">COPYRIGHT<\/span><\/a><\/h5>\n<\/div><\/div><\/div><div class=\"fusion-clearfix\"><\/div><\/div><\/div><div class=\"fusion-layout-column fusion_builder_column fusion-builder-column-3 fusion_builder_column_1_3 1_3 fusion-one-third fusion-animated\" style=\"--awb-padding-top:15px;--awb-padding-bottom:15px;--awb-bg-color:#03568e;--awb-bg-color-hover:#03568e;--awb-bg-size:cover;width:33.333333333333%;width:calc(33.333333333333% - ( ( 4% + 4% ) * 0.33333333333333 ) );margin-right: 4%;\" data-animationType=\"fadeInDown\" data-animationDuration=\"0.6\" data-animationOffset=\"top-into-view\"><div class=\"fusion-column-wrapper fusion-flex-column-wrapper-legacy\"><div class=\"fusion-column-content-centered\"><div class=\"fusion-column-content\"><div class=\"fusion-text fusion-text-3\"><h5 style=\"text-align: center;\"><a href=\"https:\/\/www.quantic-avocats.com\/en\/lawyer-trademarks\/\"><span style=\"color: #ffffff;\">TRADEMARKS<\/span><\/a><\/h5>\n<\/div><\/div><\/div><div class=\"fusion-clearfix\"><\/div><\/div><\/div><div class=\"fusion-layout-column fusion_builder_column fusion-builder-column-4 fusion_builder_column_1_3 1_3 fusion-one-third fusion-column-last fusion-animated\" style=\"--awb-padding-top:15px;--awb-padding-bottom:15px;--awb-bg-color:#03568e;--awb-bg-color-hover:#03568e;--awb-bg-size:cover;width:33.333333333333%;width:calc(33.333333333333% - ( ( 4% + 4% ) * 0.33333333333333 ) );\" data-animationType=\"fadeInDown\" data-animationDuration=\"0.6\" data-animationOffset=\"top-into-view\"><div class=\"fusion-column-wrapper fusion-flex-column-wrapper-legacy\"><div class=\"fusion-column-content-centered\"><div class=\"fusion-column-content\"><div class=\"fusion-text fusion-text-4\"><h5 style=\"text-align: center;\"><a href=\"https:\/\/www.quantic-avocats.com\/en\/lawyer-it-contracts-saas-paas-or-iaas\/\"><span style=\"color: #ffffff;\">IT CONTRACTS \/ SaaS IaaS PaaS<\/span><\/a><\/h5>\n<\/div><\/div><\/div><div class=\"fusion-clearfix\"><\/div><\/div><\/div><div class=\"fusion-layout-column fusion_builder_column fusion-builder-column-5 fusion_builder_column_1_3 1_3 fusion-one-third fusion-column-first fusion-animated\" style=\"--awb-padding-top:15px;--awb-padding-bottom:15px;--awb-bg-color:#03568e;--awb-bg-color-hover:#03568e;--awb-bg-size:cover;width:33.333333333333%;width:calc(33.333333333333% - ( ( 4% + 4% ) * 0.33333333333333 ) );margin-right: 4%;\" data-animationType=\"fadeInDown\" data-animationDuration=\"0.6\" data-animationOffset=\"top-into-view\"><div class=\"fusion-column-wrapper fusion-flex-column-wrapper-legacy\"><div class=\"fusion-column-content-centered\"><div class=\"fusion-column-content\"><div class=\"fusion-text fusion-text-5\"><h5 style=\"text-align: center;\"><a href=\"https:\/\/www.quantic-avocats.com\/en\/lawyer-mobile-apps-and-m-commerce\/\"><span style=\"color: #ffffff;\">MOBILE APPS \/ M-COMMERCE<\/span><\/a><\/h5>\n<\/div><\/div><\/div><div class=\"fusion-clearfix\"><\/div><\/div><\/div><div class=\"fusion-layout-column fusion_builder_column fusion-builder-column-6 fusion_builder_column_1_3 1_3 fusion-one-third fusion-animated\" style=\"--awb-padding-top:15px;--awb-padding-bottom:15px;--awb-bg-color:#03568e;--awb-bg-color-hover:#03568e;--awb-bg-size:cover;width:33.333333333333%;width:calc(33.333333333333% - ( ( 4% + 4% ) * 0.33333333333333 ) );margin-right: 4%;\" data-animationType=\"fadeInDown\" data-animationDuration=\"0.6\" data-animationOffset=\"top-into-view\"><div class=\"fusion-column-wrapper fusion-flex-column-wrapper-legacy\"><div class=\"fusion-column-content-centered\"><div class=\"fusion-column-content\"><div class=\"fusion-text fusion-text-6\"><h5 style=\"text-align: center;\"><a href=\"https:\/\/www.quantic-avocats.com\/en\/lawyer-infringement\/\"><span style=\"color: #ffffff;\">INFRINGEMENT<\/span><\/a><\/h5>\n<\/div><\/div><\/div><div class=\"fusion-clearfix\"><\/div><\/div><\/div><div class=\"fusion-layout-column fusion_builder_column fusion-builder-column-7 fusion_builder_column_1_3 1_3 fusion-one-third fusion-column-last fusion-animated\" style=\"--awb-padding-top:15px;--awb-padding-bottom:15px;--awb-bg-color:#03568e;--awb-bg-color-hover:#03568e;--awb-bg-size:cover;width:33.333333333333%;width:calc(33.333333333333% - ( ( 4% + 4% ) * 0.33333333333333 ) );\" data-animationType=\"fadeInDown\" data-animationDuration=\"0.6\" data-animationOffset=\"top-into-view\"><div class=\"fusion-column-wrapper fusion-flex-column-wrapper-legacy\"><div class=\"fusion-column-content-centered\"><div class=\"fusion-column-content\"><div class=\"fusion-text fusion-text-7\"><h5 style=\"text-align: center;\"><a href=\"https:\/\/www.quantic-avocats.com\/en\/lawyer-domain-names\/\"><span style=\"color: #ffffff;\">DOMAIN NAMES<\/span><\/a><\/h5>\n<\/div><\/div><\/div><div class=\"fusion-clearfix\"><\/div><\/div><\/div><div class=\"fusion-layout-column fusion_builder_column fusion-builder-column-8 fusion_builder_column_1_3 1_3 fusion-one-third fusion-column-first fusion-animated\" style=\"--awb-padding-top:15px;--awb-padding-bottom:15px;--awb-bg-color:#03568e;--awb-bg-color-hover:#03568e;--awb-bg-size:cover;width:33.333333333333%;width:calc(33.333333333333% - ( ( 4% + 4% ) * 0.33333333333333 ) );margin-right: 4%;\" data-animationType=\"fadeInDown\" data-animationDuration=\"0.6\" data-animationOffset=\"top-into-view\"><div class=\"fusion-column-wrapper fusion-flex-column-wrapper-legacy\"><div class=\"fusion-column-content-centered\"><div class=\"fusion-column-content\"><div class=\"fusion-text fusion-text-8\"><h5 style=\"text-align: center;\"><a href=\"https:\/\/www.quantic-avocats.com\/en\/lawyer-unfair-competition-or-parasitism\/\"><span style=\"color: #ffffff;\">UNFAIR COMPETITION \/ PARASITISM <\/span><\/a><\/h5>\n<\/div><\/div><\/div><div class=\"fusion-clearfix\"><\/div><\/div><\/div><div class=\"fusion-layout-column fusion_builder_column fusion-builder-column-9 fusion_builder_column_1_3 1_3 fusion-one-third fusion-animated\" style=\"--awb-padding-top:15px;--awb-padding-bottom:15px;--awb-bg-color:#03568e;--awb-bg-color-hover:#03568e;--awb-bg-size:cover;width:33.333333333333%;width:calc(33.333333333333% - ( ( 4% + 4% ) * 0.33333333333333 ) );margin-right: 4%;\" data-animationType=\"fadeInDown\" data-animationDuration=\"0.6\" data-animationOffset=\"top-into-view\"><div class=\"fusion-column-wrapper fusion-flex-column-wrapper-legacy\"><div class=\"fusion-column-content-centered\"><div class=\"fusion-column-content\"><div class=\"fusion-text fusion-text-9\"><h5 style=\"text-align: center;\"><a href=\"https:\/\/www.quantic-avocats.com\/en\/lawyer-softwares\/\"><span style=\"color: #ffffff;\">SOFTWARES<\/span><\/a><\/h5>\n<\/div><\/div><\/div><div class=\"fusion-clearfix\"><\/div><\/div><\/div><div class=\"fusion-layout-column fusion_builder_column fusion-builder-column-10 fusion_builder_column_1_3 1_3 fusion-one-third fusion-column-last fusion-animated\" style=\"--awb-padding-top:15px;--awb-padding-bottom:15px;--awb-bg-color:#03568e;--awb-bg-color-hover:#03568e;--awb-bg-size:cover;width:33.333333333333%;width:calc(33.333333333333% - ( ( 4% + 4% ) * 0.33333333333333 ) );\" data-animationType=\"fadeInDown\" data-animationDuration=\"0.6\" data-animationOffset=\"top-into-view\"><div class=\"fusion-column-wrapper fusion-flex-column-wrapper-legacy\"><div class=\"fusion-column-content-centered\"><div class=\"fusion-column-content\"><div class=\"fusion-text fusion-text-10\"><h5 style=\"text-align: center;\"><a href=\"https:\/\/www.quantic-avocats.com\/en\/lawyer-industrial-design\/\"><span style=\"color: #ffffff;\">INDUSTRIAL DESIGN<\/span><\/a><\/h5>\n<\/div><\/div><\/div><div class=\"fusion-clearfix\"><\/div><\/div><\/div><div class=\"fusion-layout-column fusion_builder_column fusion-builder-column-11 fusion_builder_column_1_3 1_3 fusion-one-third fusion-column-first fusion-animated\" style=\"--awb-padding-top:15px;--awb-padding-bottom:15px;--awb-bg-color:#03568e;--awb-bg-color-hover:#03568e;--awb-bg-size:cover;width:33.333333333333%;width:calc(33.333333333333% - ( ( 4% + 4% ) * 0.33333333333333 ) );margin-right: 4%;\" data-animationType=\"fadeInDown\" data-animationDuration=\"0.6\" data-animationOffset=\"top-into-view\"><div class=\"fusion-column-wrapper fusion-flex-column-wrapper-legacy\"><div class=\"fusion-column-content-centered\"><div class=\"fusion-column-content\"><div class=\"fusion-text fusion-text-11\"><h5 style=\"text-align: center;\"><a href=\"https:\/\/www.quantic-avocats.com\/en\/lawyer-websites-and-e-commerce\/\"><span style=\"color: #ffffff;\">WEBSITES \/ E-COMMERCE<\/span><\/a><\/h5>\n<\/div><\/div><\/div><div class=\"fusion-clearfix\"><\/div><\/div><\/div><div class=\"fusion-layout-column fusion_builder_column fusion-builder-column-12 fusion_builder_column_1_3 1_3 fusion-one-third fusion-animated\" style=\"--awb-padding-top:15px;--awb-padding-bottom:15px;--awb-bg-color:#03568e;--awb-bg-color-hover:#03568e;--awb-bg-size:cover;width:33.333333333333%;width:calc(33.333333333333% - ( ( 4% + 4% ) * 0.33333333333333 ) );margin-right: 4%;\" data-animationType=\"fadeInDown\" data-animationDuration=\"0.6\" data-animationOffset=\"top-into-view\"><div class=\"fusion-column-wrapper fusion-flex-column-wrapper-legacy\"><div class=\"fusion-column-content-centered\"><div class=\"fusion-column-content\"><div class=\"fusion-text fusion-text-12\"><h5 style=\"text-align: center;\"><a href=\"https:\/\/www.quantic-avocats.com\/en\/lawyer-personal-data\/\"><span style=\"color: #ffffff;\">PERSONAL DATA<\/span><\/a><\/h5>\n<\/div><\/div><\/div><div class=\"fusion-clearfix\"><\/div><\/div><\/div><div class=\"fusion-layout-column fusion_builder_column fusion-builder-column-13 fusion_builder_column_1_3 1_3 fusion-one-third fusion-column-last fusion-animated\" style=\"--awb-padding-top:15px;--awb-padding-bottom:15px;--awb-bg-color:#03568e;--awb-bg-color-hover:#03568e;--awb-bg-size:cover;width:33.333333333333%;width:calc(33.333333333333% - ( ( 4% + 4% ) * 0.33333333333333 ) );\" data-animationType=\"fadeInDown\" data-animationDuration=\"0.6\" data-animationOffset=\"top-into-view\"><div class=\"fusion-column-wrapper fusion-flex-column-wrapper-legacy\"><div class=\"fusion-column-content-centered\"><div class=\"fusion-column-content\"><div class=\"fusion-text fusion-text-13\"><h5 style=\"text-align: center;\"><a href=\"https:\/\/www.quantic-avocats.com\/en\/lawyer-patents\/\"><span style=\"color: #ffffff;\">PATENTS<\/span><\/a><\/h5>\n<\/div><\/div><\/div><div class=\"fusion-clearfix\"><\/div><\/div><\/div><div class=\"fusion-layout-column fusion_builder_column fusion-builder-column-14 fusion_builder_column_1_3 1_3 fusion-one-third fusion-column-first fusion-animated\" style=\"--awb-padding-top:15px;--awb-padding-bottom:15px;--awb-bg-color:#03568e;--awb-bg-color-hover:#03568e;--awb-bg-size:cover;width:33.333333333333%;width:calc(33.333333333333% - ( ( 4% + 4% ) * 0.33333333333333 ) );margin-right: 4%;\" data-animationType=\"fadeInDown\" data-animationDuration=\"0.6\" data-animationOffset=\"top-into-view\"><div class=\"fusion-column-wrapper fusion-flex-column-wrapper-legacy\"><div class=\"fusion-column-content-centered\"><div class=\"fusion-column-content\"><div class=\"fusion-text fusion-text-14\"><h5 style=\"text-align: center;\"><a href=\"https:\/\/www.quantic-avocats.com\/en\/lawyer-online-reputation\/\"><span style=\"color: #ffffff;\">ONLINE REPUTATION<\/span><\/a><\/h5>\n<\/div><\/div><\/div><div class=\"fusion-clearfix\"><\/div><\/div><\/div><div class=\"fusion-layout-column fusion_builder_column fusion-builder-column-15 fusion_builder_column_1_3 1_3 fusion-one-third fusion-animated\" style=\"--awb-padding-top:15px;--awb-padding-bottom:15px;--awb-bg-color:#03568e;--awb-bg-color-hover:#03568e;--awb-bg-size:cover;width:33.333333333333%;width:calc(33.333333333333% - ( ( 4% + 4% ) * 0.33333333333333 ) );margin-right: 4%;\" data-animationType=\"fadeInDown\" data-animationDuration=\"0.6\" data-animationOffset=\"top-into-view\"><div class=\"fusion-column-wrapper fusion-flex-column-wrapper-legacy\"><div class=\"fusion-column-content-centered\"><div class=\"fusion-column-content\"><div class=\"fusion-text fusion-text-15\"><h5 style=\"text-align: center;\"><a href=\"https:\/\/www.quantic-avocats.com\/en\/lawyer-cybersecurity\/\"><span style=\"color: #ffffff;\">CYBERSECURITY<\/span><\/a><\/h5>\n<\/div><\/div><\/div><div class=\"fusion-clearfix\"><\/div><\/div><\/div><div class=\"fusion-layout-column fusion_builder_column fusion-builder-column-16 fusion_builder_column_1_3 1_3 fusion-one-third fusion-column-last fusion-animated\" style=\"--awb-padding-top:15px;--awb-padding-bottom:15px;--awb-bg-color:#03568e;--awb-bg-color-hover:#03568e;--awb-bg-size:cover;width:33.333333333333%;width:calc(33.333333333333% - ( ( 4% + 4% ) * 0.33333333333333 ) );\" data-animationType=\"fadeInDown\" data-animationDuration=\"0.6\" data-animationOffset=\"top-into-view\"><div class=\"fusion-column-wrapper fusion-flex-column-wrapper-legacy\"><div class=\"fusion-column-content-centered\"><div class=\"fusion-column-content\"><div class=\"fusion-text fusion-text-16\"><h5 style=\"text-align: center;\"><a href=\"https:\/\/www.quantic-avocats.com\/en\/lawyer-connected-devices\"><span style=\"color: #ffffff;\">CONNECTED DEVICES<\/span><\/a><\/h5>\n<\/div><\/div><\/div><div class=\"fusion-clearfix\"><\/div><\/div><\/div><\/div><\/div><\/p>\n","protected":false},"excerpt":{"rendered":"","protected":false},"author":2,"featured_media":0,"parent":0,"menu_order":0,"comment_status":"closed","ping_status":"closed","template":"100-width.php","meta":{"footnotes":""},"class_list":["post-1127","page","type-page","status-publish","hentry"],"yoast_head":"<!-- This site is optimized with the Yoast SEO plugin v27.3 - https:\/\/yoast.com\/product\/yoast-seo-wordpress\/ -->\n<title>Copyright - Quantic Avocats<\/title>\n<meta name=\"robots\" content=\"index, follow, max-snippet:-1, max-image-preview:large, max-video-preview:-1\" \/>\n<link rel=\"canonical\" href=\"https:\/\/www.quantic-avocats.com\/en\/lawyer-copyright\/\" \/>\n<meta property=\"og:locale\" content=\"en_US\" \/>\n<meta property=\"og:type\" content=\"article\" \/>\n<meta property=\"og:title\" content=\"Copyright - Quantic Avocats\" \/>\n<meta property=\"og:url\" content=\"https:\/\/www.quantic-avocats.com\/en\/lawyer-copyright\/\" \/>\n<meta property=\"og:site_name\" content=\"Quantic Avocats\" \/>\n<meta property=\"article:modified_time\" content=\"2017-11-29T19:14:07+00:00\" \/>\n<meta name=\"twitter:card\" content=\"summary_large_image\" \/>\n<meta name=\"twitter:label1\" content=\"Est. reading time\" \/>\n\t<meta name=\"twitter:data1\" content=\"10 minutes\" \/>\n<script type=\"application\/ld+json\" class=\"yoast-schema-graph\">{\"@context\":\"https:\\\/\\\/schema.org\",\"@graph\":[{\"@type\":\"WebPage\",\"@id\":\"https:\\\/\\\/www.quantic-avocats.com\\\/en\\\/lawyer-copyright\\\/\",\"url\":\"https:\\\/\\\/www.quantic-avocats.com\\\/en\\\/lawyer-copyright\\\/\",\"name\":\"Copyright - Quantic Avocats\",\"isPartOf\":{\"@id\":\"https:\\\/\\\/www.quantic-avocats.com\\\/en\\\/#website\"},\"datePublished\":\"2017-02-21T21:49:49+00:00\",\"dateModified\":\"2017-11-29T19:14:07+00:00\",\"breadcrumb\":{\"@id\":\"https:\\\/\\\/www.quantic-avocats.com\\\/en\\\/lawyer-copyright\\\/#breadcrumb\"},\"inLanguage\":\"en-US\",\"potentialAction\":[{\"@type\":\"ReadAction\",\"target\":[\"https:\\\/\\\/www.quantic-avocats.com\\\/en\\\/lawyer-copyright\\\/\"]}]},{\"@type\":\"BreadcrumbList\",\"@id\":\"https:\\\/\\\/www.quantic-avocats.com\\\/en\\\/lawyer-copyright\\\/#breadcrumb\",\"itemListElement\":[{\"@type\":\"ListItem\",\"position\":1,\"name\":\"Accueil\",\"item\":\"https:\\\/\\\/www.quantic-avocats.com\\\/en\\\/\"},{\"@type\":\"ListItem\",\"position\":2,\"name\":\"Copyright\"}]},{\"@type\":\"WebSite\",\"@id\":\"https:\\\/\\\/www.quantic-avocats.com\\\/en\\\/#website\",\"url\":\"https:\\\/\\\/www.quantic-avocats.com\\\/en\\\/\",\"name\":\"Quantic Avocats\",\"description\":\"Propri\u00e9t\u00e9 intellectuelle, Informatique et Internet, donn\u00e9es personnelles\",\"potentialAction\":[{\"@type\":\"SearchAction\",\"target\":{\"@type\":\"EntryPoint\",\"urlTemplate\":\"https:\\\/\\\/www.quantic-avocats.com\\\/en\\\/?s={search_term_string}\"},\"query-input\":{\"@type\":\"PropertyValueSpecification\",\"valueRequired\":true,\"valueName\":\"search_term_string\"}}],\"inLanguage\":\"en-US\"}]}<\/script>\n<!-- \/ Yoast SEO plugin. -->","yoast_head_json":{"title":"Copyright - Quantic Avocats","robots":{"index":"index","follow":"follow","max-snippet":"max-snippet:-1","max-image-preview":"max-image-preview:large","max-video-preview":"max-video-preview:-1"},"canonical":"https:\/\/www.quantic-avocats.com\/en\/lawyer-copyright\/","og_locale":"en_US","og_type":"article","og_title":"Copyright - Quantic Avocats","og_url":"https:\/\/www.quantic-avocats.com\/en\/lawyer-copyright\/","og_site_name":"Quantic Avocats","article_modified_time":"2017-11-29T19:14:07+00:00","twitter_card":"summary_large_image","twitter_misc":{"Est. reading time":"10 minutes"},"schema":{"@context":"https:\/\/schema.org","@graph":[{"@type":"WebPage","@id":"https:\/\/www.quantic-avocats.com\/en\/lawyer-copyright\/","url":"https:\/\/www.quantic-avocats.com\/en\/lawyer-copyright\/","name":"Copyright - Quantic Avocats","isPartOf":{"@id":"https:\/\/www.quantic-avocats.com\/en\/#website"},"datePublished":"2017-02-21T21:49:49+00:00","dateModified":"2017-11-29T19:14:07+00:00","breadcrumb":{"@id":"https:\/\/www.quantic-avocats.com\/en\/lawyer-copyright\/#breadcrumb"},"inLanguage":"en-US","potentialAction":[{"@type":"ReadAction","target":["https:\/\/www.quantic-avocats.com\/en\/lawyer-copyright\/"]}]},{"@type":"BreadcrumbList","@id":"https:\/\/www.quantic-avocats.com\/en\/lawyer-copyright\/#breadcrumb","itemListElement":[{"@type":"ListItem","position":1,"name":"Accueil","item":"https:\/\/www.quantic-avocats.com\/en\/"},{"@type":"ListItem","position":2,"name":"Copyright"}]},{"@type":"WebSite","@id":"https:\/\/www.quantic-avocats.com\/en\/#website","url":"https:\/\/www.quantic-avocats.com\/en\/","name":"Quantic Avocats","description":"Propri\u00e9t\u00e9 intellectuelle, Informatique et Internet, donn\u00e9es personnelles","potentialAction":[{"@type":"SearchAction","target":{"@type":"EntryPoint","urlTemplate":"https:\/\/www.quantic-avocats.com\/en\/?s={search_term_string}"},"query-input":{"@type":"PropertyValueSpecification","valueRequired":true,"valueName":"search_term_string"}}],"inLanguage":"en-US"}]}},"_links":{"self":[{"href":"https:\/\/www.quantic-avocats.com\/en\/wp-json\/wp\/v2\/pages\/1127","targetHints":{"allow":["GET"]}}],"collection":[{"href":"https:\/\/www.quantic-avocats.com\/en\/wp-json\/wp\/v2\/pages"}],"about":[{"href":"https:\/\/www.quantic-avocats.com\/en\/wp-json\/wp\/v2\/types\/page"}],"author":[{"embeddable":true,"href":"https:\/\/www.quantic-avocats.com\/en\/wp-json\/wp\/v2\/users\/2"}],"replies":[{"embeddable":true,"href":"https:\/\/www.quantic-avocats.com\/en\/wp-json\/wp\/v2\/comments?post=1127"}],"version-history":[{"count":4,"href":"https:\/\/www.quantic-avocats.com\/en\/wp-json\/wp\/v2\/pages\/1127\/revisions"}],"predecessor-version":[{"id":1467,"href":"https:\/\/www.quantic-avocats.com\/en\/wp-json\/wp\/v2\/pages\/1127\/revisions\/1467"}],"wp:attachment":[{"href":"https:\/\/www.quantic-avocats.com\/en\/wp-json\/wp\/v2\/media?parent=1127"}],"curies":[{"name":"wp","href":"https:\/\/api.w.org\/{rel}","templated":true}]}}