{"id":1128,"date":"2017-02-21T22:51:07","date_gmt":"2017-02-21T21:51:07","guid":{"rendered":"https:\/\/www.quantic-avocats.com\/international\/"},"modified":"2023-01-17T14:36:44","modified_gmt":"2023-01-17T13:36:44","slug":"international","status":"publish","type":"page","link":"https:\/\/www.quantic-avocats.com\/en\/international\/","title":{"rendered":"International"},"content":{"rendered":"<div class=\"fusion-fullwidth fullwidth-box fusion-builder-row-1 nonhundred-percent-fullwidth non-hundred-percent-height-scrolling\" style=\"--awb-border-radius-top-left:0px;--awb-border-radius-top-right:0px;--awb-border-radius-bottom-right:0px;--awb-border-radius-bottom-left:0px;--awb-padding-top:20px;--awb-padding-bottom:20px;--awb-margin-top:40px;--awb-flex-wrap:wrap;\" ><div class=\"fusion-builder-row fusion-row\"><div class=\"fusion-layout-column fusion_builder_column fusion-builder-column-0 fusion_builder_column_1_1 1_1 fusion-one-full fusion-column-first fusion-column-last fusion-animated\" style=\"--awb-bg-size:cover;\" data-animationType=\"slideInDown\" data-animationDuration=\"0.3\" data-animationOffset=\"top-into-view\"><div class=\"fusion-column-wrapper fusion-flex-column-wrapper-legacy\"><div class=\"fusion-text fusion-text-1\"><p style=\"text-align: justify;\">The law firm works in close collaboration with an international network of lawyers who share its values and who specialise in intellectual property, computer law and data privacy law, in order to handle the requests of its international clients. We have correspondents in the cities listed below.<\/p>\n<\/div><div class=\"fusion-text fusion-text-2\"><p><img decoding=\"async\" class=\"size-full wp-image-6503 aligncenter\" src=\"https:\/\/www.quantic-avocats.com\/wp-content\/uploads\/2023\/01\/quantic-map-EN.png\" alt=\"\" width=\"1105\" height=\"623\" srcset=\"https:\/\/www.quantic-avocats.com\/wp-content\/uploads\/2023\/01\/quantic-map-EN-200x113.png 200w, https:\/\/www.quantic-avocats.com\/wp-content\/uploads\/2023\/01\/quantic-map-EN-300x169.png 300w, https:\/\/www.quantic-avocats.com\/wp-content\/uploads\/2023\/01\/quantic-map-EN-400x226.png 400w, https:\/\/www.quantic-avocats.com\/wp-content\/uploads\/2023\/01\/quantic-map-EN-600x338.png 600w, https:\/\/www.quantic-avocats.com\/wp-content\/uploads\/2023\/01\/quantic-map-EN-768x433.png 768w, https:\/\/www.quantic-avocats.com\/wp-content\/uploads\/2023\/01\/quantic-map-EN-800x451.png 800w, https:\/\/www.quantic-avocats.com\/wp-content\/uploads\/2023\/01\/quantic-map-EN-1024x577.png 1024w, https:\/\/www.quantic-avocats.com\/wp-content\/uploads\/2023\/01\/quantic-map-EN.png 1105w\" sizes=\"(max-width: 1105px) 100vw, 1105px\" \/><\/p>\n<\/div><div class=\"fusion-clearfix\"><\/div><\/div><\/div><\/div><\/div>\n","protected":false},"excerpt":{"rendered":"","protected":false},"author":2,"featured_media":0,"parent":0,"menu_order":0,"comment_status":"closed","ping_status":"closed","template":"","meta":{"footnotes":""},"class_list":["post-1128","page","type-page","status-publish","hentry"],"yoast_head":"<!-- This site is optimized with the Yoast SEO plugin v27.5 - https:\/\/yoast.com\/product\/yoast-seo-wordpress\/ -->\n<title>International - Quantic Avocats<\/title>\n<meta name=\"robots\" content=\"index, follow, max-snippet:-1, max-image-preview:large, max-video-preview:-1\" \/>\n<link rel=\"canonical\" href=\"https:\/\/www.quantic-avocats.com\/en\/international\/\" \/>\n<meta property=\"og:locale\" content=\"en_US\" \/>\n<meta property=\"og:type\" content=\"article\" \/>\n<meta property=\"og:title\" content=\"International - Quantic Avocats\" \/>\n<meta property=\"og:url\" content=\"https:\/\/www.quantic-avocats.com\/en\/international\/\" \/>\n<meta property=\"og:site_name\" content=\"Quantic Avocats\" \/>\n<meta property=\"article:modified_time\" content=\"2023-01-17T13:36:44+00:00\" \/>\n<meta property=\"og:image\" content=\"https:\/\/www.quantic-avocats.com\/wp-content\/uploads\/2023\/01\/quantic-map-EN.png\" \/>\n<meta name=\"twitter:card\" content=\"summary_large_image\" \/>\n<meta name=\"twitter:label1\" content=\"Est. reading time\" \/>\n\t<meta name=\"twitter:data1\" content=\"2 minutes\" \/>\n<script type=\"application\/ld+json\" class=\"yoast-schema-graph\">{\"@context\":\"https:\\\/\\\/schema.org\",\"@graph\":[{\"@type\":\"WebPage\",\"@id\":\"https:\\\/\\\/www.quantic-avocats.com\\\/en\\\/international\\\/\",\"url\":\"https:\\\/\\\/www.quantic-avocats.com\\\/en\\\/international\\\/\",\"name\":\"International - Quantic Avocats\",\"isPartOf\":{\"@id\":\"https:\\\/\\\/www.quantic-avocats.com\\\/en\\\/#website\"},\"primaryImageOfPage\":{\"@id\":\"https:\\\/\\\/www.quantic-avocats.com\\\/en\\\/international\\\/#primaryimage\"},\"image\":{\"@id\":\"https:\\\/\\\/www.quantic-avocats.com\\\/en\\\/international\\\/#primaryimage\"},\"thumbnailUrl\":\"https:\\\/\\\/www.quantic-avocats.com\\\/wp-content\\\/uploads\\\/2023\\\/01\\\/quantic-map-EN.png\",\"datePublished\":\"2017-02-21T21:51:07+00:00\",\"dateModified\":\"2023-01-17T13:36:44+00:00\",\"breadcrumb\":{\"@id\":\"https:\\\/\\\/www.quantic-avocats.com\\\/en\\\/international\\\/#breadcrumb\"},\"inLanguage\":\"en-US\",\"potentialAction\":[{\"@type\":\"ReadAction\",\"target\":[\"https:\\\/\\\/www.quantic-avocats.com\\\/en\\\/international\\\/\"]}]},{\"@type\":\"ImageObject\",\"inLanguage\":\"en-US\",\"@id\":\"https:\\\/\\\/www.quantic-avocats.com\\\/en\\\/international\\\/#primaryimage\",\"url\":\"https:\\\/\\\/www.quantic-avocats.com\\\/wp-content\\\/uploads\\\/2023\\\/01\\\/quantic-map-EN.png\",\"contentUrl\":\"https:\\\/\\\/www.quantic-avocats.com\\\/wp-content\\\/uploads\\\/2023\\\/01\\\/quantic-map-EN.png\"},{\"@type\":\"BreadcrumbList\",\"@id\":\"https:\\\/\\\/www.quantic-avocats.com\\\/en\\\/international\\\/#breadcrumb\",\"itemListElement\":[{\"@type\":\"ListItem\",\"position\":1,\"name\":\"Accueil\",\"item\":\"https:\\\/\\\/www.quantic-avocats.com\\\/en\\\/\"},{\"@type\":\"ListItem\",\"position\":2,\"name\":\"International\"}]},{\"@type\":\"WebSite\",\"@id\":\"https:\\\/\\\/www.quantic-avocats.com\\\/en\\\/#website\",\"url\":\"https:\\\/\\\/www.quantic-avocats.com\\\/en\\\/\",\"name\":\"Quantic Avocats\",\"description\":\"Propri\u00e9t\u00e9 intellectuelle, Informatique et Internet, donn\u00e9es personnelles\",\"potentialAction\":[{\"@type\":\"SearchAction\",\"target\":{\"@type\":\"EntryPoint\",\"urlTemplate\":\"https:\\\/\\\/www.quantic-avocats.com\\\/en\\\/?s={search_term_string}\"},\"query-input\":{\"@type\":\"PropertyValueSpecification\",\"valueRequired\":true,\"valueName\":\"search_term_string\"}}],\"inLanguage\":\"en-US\"}]}<\/script>\n<!-- \/ Yoast SEO plugin. -->","yoast_head_json":{"title":"International - Quantic Avocats","robots":{"index":"index","follow":"follow","max-snippet":"max-snippet:-1","max-image-preview":"max-image-preview:large","max-video-preview":"max-video-preview:-1"},"canonical":"https:\/\/www.quantic-avocats.com\/en\/international\/","og_locale":"en_US","og_type":"article","og_title":"International - Quantic Avocats","og_url":"https:\/\/www.quantic-avocats.com\/en\/international\/","og_site_name":"Quantic Avocats","article_modified_time":"2023-01-17T13:36:44+00:00","og_image":[{"url":"https:\/\/www.quantic-avocats.com\/wp-content\/uploads\/2023\/01\/quantic-map-EN.png","type":"","width":"","height":""}],"twitter_card":"summary_large_image","twitter_misc":{"Est. reading time":"2 minutes"},"schema":{"@context":"https:\/\/schema.org","@graph":[{"@type":"WebPage","@id":"https:\/\/www.quantic-avocats.com\/en\/international\/","url":"https:\/\/www.quantic-avocats.com\/en\/international\/","name":"International - Quantic Avocats","isPartOf":{"@id":"https:\/\/www.quantic-avocats.com\/en\/#website"},"primaryImageOfPage":{"@id":"https:\/\/www.quantic-avocats.com\/en\/international\/#primaryimage"},"image":{"@id":"https:\/\/www.quantic-avocats.com\/en\/international\/#primaryimage"},"thumbnailUrl":"https:\/\/www.quantic-avocats.com\/wp-content\/uploads\/2023\/01\/quantic-map-EN.png","datePublished":"2017-02-21T21:51:07+00:00","dateModified":"2023-01-17T13:36:44+00:00","breadcrumb":{"@id":"https:\/\/www.quantic-avocats.com\/en\/international\/#breadcrumb"},"inLanguage":"en-US","potentialAction":[{"@type":"ReadAction","target":["https:\/\/www.quantic-avocats.com\/en\/international\/"]}]},{"@type":"ImageObject","inLanguage":"en-US","@id":"https:\/\/www.quantic-avocats.com\/en\/international\/#primaryimage","url":"https:\/\/www.quantic-avocats.com\/wp-content\/uploads\/2023\/01\/quantic-map-EN.png","contentUrl":"https:\/\/www.quantic-avocats.com\/wp-content\/uploads\/2023\/01\/quantic-map-EN.png"},{"@type":"BreadcrumbList","@id":"https:\/\/www.quantic-avocats.com\/en\/international\/#breadcrumb","itemListElement":[{"@type":"ListItem","position":1,"name":"Accueil","item":"https:\/\/www.quantic-avocats.com\/en\/"},{"@type":"ListItem","position":2,"name":"International"}]},{"@type":"WebSite","@id":"https:\/\/www.quantic-avocats.com\/en\/#website","url":"https:\/\/www.quantic-avocats.com\/en\/","name":"Quantic Avocats","description":"Propri\u00e9t\u00e9 intellectuelle, Informatique et Internet, donn\u00e9es personnelles","potentialAction":[{"@type":"SearchAction","target":{"@type":"EntryPoint","urlTemplate":"https:\/\/www.quantic-avocats.com\/en\/?s={search_term_string}"},"query-input":{"@type":"PropertyValueSpecification","valueRequired":true,"valueName":"search_term_string"}}],"inLanguage":"en-US"}]}},"_links":{"self":[{"href":"https:\/\/www.quantic-avocats.com\/en\/wp-json\/wp\/v2\/pages\/1128","targetHints":{"allow":["GET"]}}],"collection":[{"href":"https:\/\/www.quantic-avocats.com\/en\/wp-json\/wp\/v2\/pages"}],"about":[{"href":"https:\/\/www.quantic-avocats.com\/en\/wp-json\/wp\/v2\/types\/page"}],"author":[{"embeddable":true,"href":"https:\/\/www.quantic-avocats.com\/en\/wp-json\/wp\/v2\/users\/2"}],"replies":[{"embeddable":true,"href":"https:\/\/www.quantic-avocats.com\/en\/wp-json\/wp\/v2\/comments?post=1128"}],"version-history":[{"count":5,"href":"https:\/\/www.quantic-avocats.com\/en\/wp-json\/wp\/v2\/pages\/1128\/revisions"}],"predecessor-version":[{"id":6505,"href":"https:\/\/www.quantic-avocats.com\/en\/wp-json\/wp\/v2\/pages\/1128\/revisions\/6505"}],"wp:attachment":[{"href":"https:\/\/www.quantic-avocats.com\/en\/wp-json\/wp\/v2\/media?parent=1128"}],"curies":[{"name":"wp","href":"https:\/\/api.w.org\/{rel}","templated":true}]}}