{"id":1132,"date":"2017-02-21T23:05:11","date_gmt":"2017-02-21T22:05:11","guid":{"rendered":"https:\/\/www.quantic-avocats.com\/noms-de-domaine\/"},"modified":"2017-11-29T20:15:49","modified_gmt":"2017-11-29T19:15:49","slug":"lawyer-domain-names","status":"publish","type":"page","link":"https:\/\/www.quantic-avocats.com\/en\/lawyer-domain-names\/","title":{"rendered":"Domain Names"},"content":{"rendered":"<p><div class=\"fusion-fullwidth fullwidth-box fusion-builder-row-1 nonhundred-percent-fullwidth non-hundred-percent-height-scrolling\" style=\"--awb-border-radius-top-left:0px;--awb-border-radius-top-right:0px;--awb-border-radius-bottom-right:0px;--awb-border-radius-bottom-left:0px;--awb-padding-top:20px;--awb-padding-bottom:0px;--awb-margin-top:;--awb-flex-wrap:wrap;\" ><div class=\"fusion-builder-row fusion-row\"><div class=\"fusion-layout-column fusion_builder_column fusion-builder-column-0 fusion_builder_column_1_1 1_1 fusion-one-full fusion-column-first fusion-column-last\" style=\"--awb-padding-top:20px;--awb-bg-size:cover;--awb-margin-bottom:0px;\"><div class=\"fusion-column-wrapper fusion-flex-column-wrapper-legacy\"><div class=\"fusion-text fusion-text-1\"><p style=\"text-align: justify;\"><strong>Our lawyers are specialised in disputes relating to domain names. We assist our clients in the processes of protecting, enhancing, monitoring and defending their domain names (via the initiation of alternative dispute resolution procedures and\/or legal proceedings). <\/strong><\/p>\n<p style=\"text-align: justify;\">Like trademarks, domain names are distinctive signs of a company that contribute to its identity or the identification of its products and services. Domain names are a key items for customers and a part of a company&#8217;s intangible assets.<\/p>\n<p>Our lawyers are regularly involved in the protection and defence of domain names.<\/p>\n<h2 style=\"text-align: justify;\">Protecting your domain names<\/h2>\n<p style=\"text-align: justify;\">To protect domain names, our lawyers carry out the following actions:<\/p>\n<ul style=\"text-align: justify;\">\n<li><strong>Domain name portfolio audits<\/strong> with recommendations to optimise protection strategy;<\/li>\n<li><strong>Preliminary searches<\/strong> before the registration of your domain names. Before registering a domain name, it is essential to ensure that it does not infringe any existing rights such as registered trademarks, trade names or company names in use, or copyright; and<\/li>\n<li><strong>Registration<\/strong> of your domain names.<\/li>\n<\/ul>\n<h2>Contracts governing the use of domain names<\/h2>\n<p>Our lawyers can also draw up all the contracts that govern the life of a domain name, for example:<\/p>\n<ul>\n<li><strong>Domain name assignment agreements<\/strong>; and<\/li>\n<\/ul>\n<ul>\n<li>Domain name licencing agreements.<\/li>\n<\/ul>\n<h2 style=\"text-align: justify;\">Domain name litigations<\/h2>\n<p>Our lawyers have extensive experience in domain name litigation cases. Our assistance in this area consists in:<\/p>\n<ul>\n<li>Making recommendations on the type of proceedings to be initiated, for example in the case of cybersquatting (alternative dispute settlement procedure, legal proceedings etc.);<\/li>\n<\/ul>\n<ul>\n<li>Initiating procedures to lift the anonymity of domain name holders, for example with the <a href=\"http:\/\/www.afnic.fr\" target=\"_blank\">French Association for Cooperative Internet Naming<\/a> (AFNIC);<\/li>\n<\/ul>\n<ul>\n<li>Initiating alternative dispute settlement procedures, such as the UDRP procedure with the <a href=\"http:\/\/www.wipo.int\/portal\/fr\/\" target=\"_blank\">World Intellectual Property Organization<\/a> (WIPO), the Syreli procedure with AFNIC, etc.; and<\/li>\n<\/ul>\n<ul>\n<li>Initiating pre-litigation and litigation proceedings in France and abroad, e.g. action against unfair and\/or parasitic competition.<\/li>\n<\/ul>\n<p>Our lawyers can also provide monitoring services for your domain names, so that you can act quickly in the event of infringement.<\/p>\n<\/div><div class=\"fusion-clearfix\"><\/div><\/div><\/div><\/div><\/div><div class=\"fusion-fullwidth fullwidth-box fusion-builder-row-2 nonhundred-percent-fullwidth non-hundred-percent-height-scrolling\" style=\"--awb-border-radius-top-left:0px;--awb-border-radius-top-right:0px;--awb-border-radius-bottom-right:0px;--awb-border-radius-bottom-left:0px;--awb-padding-top:20px;--awb-padding-bottom:00px;--awb-margin-bottom:0px;--awb-flex-wrap:wrap;\" ><div class=\"fusion-builder-row fusion-row\"><div class=\"fusion-layout-column fusion_builder_column fusion-builder-column-1 fusion_builder_column_1_1 1_1 fusion-one-full fusion-column-first fusion-column-last\" style=\"--awb-bg-size:cover;\"><div class=\"fusion-column-wrapper fusion-flex-column-wrapper-legacy\"><div class=\"fusion-title title fusion-title-1 fusion-title-center fusion-title-text fusion-title-size-three\" style=\"--awb-margin-top-small:0px;--awb-margin-right-small:0px;--awb-margin-bottom-small:20px;--awb-margin-left-small:0px;--awb-sep-color:#1eabe9;\"><div class=\"title-sep-container title-sep-container-left\"><div class=\"title-sep sep-single sep-solid\" style=\"border-color:#1eabe9;\"><\/div><\/div><span class=\"awb-title-spacer\"><\/span><h3 class=\"fusion-title-heading title-heading-center fusion-responsive-typography-calculated\" style=\"margin:0;--fontSize:26;line-height:1.5;\"><p style=\"text-align: center;\">Our other expertises<\/p><\/h3><span class=\"awb-title-spacer\"><\/span><div class=\"title-sep-container title-sep-container-right\"><div class=\"title-sep sep-single sep-solid\" style=\"border-color:#1eabe9;\"><\/div><\/div><\/div><div class=\"fusion-clearfix\"><\/div><\/div><\/div><\/div><\/div><div class=\"fusion-fullwidth fullwidth-box fusion-builder-row-3 hundred-percent-fullwidth non-hundred-percent-height-scrolling\" style=\"--awb-border-radius-top-left:0px;--awb-border-radius-top-right:0px;--awb-border-radius-bottom-right:0px;--awb-border-radius-bottom-left:0px;--awb-padding-top:20px;--awb-padding-right:40px;--awb-padding-bottom:20px;--awb-padding-left:40px;--awb-flex-wrap:wrap;\" ><div class=\"fusion-builder-row fusion-row\"><div class=\"fusion-layout-column fusion_builder_column fusion-builder-column-2 fusion_builder_column_1_3 1_3 fusion-one-third fusion-column-first fusion-animated\" style=\"--awb-padding-top:15px;--awb-padding-bottom:15px;--awb-bg-color:#03568e;--awb-bg-color-hover:#03568e;--awb-bg-size:cover;width:33.333333333333%;width:calc(33.333333333333% - ( ( 4% + 4% ) * 0.33333333333333 ) );margin-right: 4%;\" data-animationType=\"fadeInDown\" data-animationDuration=\"0.6\" data-animationOffset=\"top-into-view\"><div class=\"fusion-column-wrapper fusion-flex-column-wrapper-legacy\"><div class=\"fusion-column-content-centered\"><div class=\"fusion-column-content\"><div class=\"fusion-text fusion-text-2\"><h5 style=\"text-align: center;\"><a href=\"https:\/\/www.quantic-avocats.com\/en\/lawyer-copyright\/\"><span style=\"color: #ffffff;\">COPYRIGHT<\/span><\/a><\/h5>\n<\/div><\/div><\/div><div class=\"fusion-clearfix\"><\/div><\/div><\/div><div class=\"fusion-layout-column fusion_builder_column fusion-builder-column-3 fusion_builder_column_1_3 1_3 fusion-one-third fusion-animated\" style=\"--awb-padding-top:15px;--awb-padding-bottom:15px;--awb-bg-color:#03568e;--awb-bg-color-hover:#03568e;--awb-bg-size:cover;width:33.333333333333%;width:calc(33.333333333333% - ( ( 4% + 4% ) * 0.33333333333333 ) );margin-right: 4%;\" data-animationType=\"fadeInDown\" data-animationDuration=\"0.6\" data-animationOffset=\"top-into-view\"><div class=\"fusion-column-wrapper fusion-flex-column-wrapper-legacy\"><div class=\"fusion-column-content-centered\"><div class=\"fusion-column-content\"><div class=\"fusion-text fusion-text-3\"><h5 style=\"text-align: center;\"><a href=\"https:\/\/www.quantic-avocats.com\/en\/lawyer-trademarks\/\"><span style=\"color: #ffffff;\">TRADEMARKS<\/span><\/a><\/h5>\n<\/div><\/div><\/div><div class=\"fusion-clearfix\"><\/div><\/div><\/div><div class=\"fusion-layout-column fusion_builder_column fusion-builder-column-4 fusion_builder_column_1_3 1_3 fusion-one-third fusion-column-last fusion-animated\" style=\"--awb-padding-top:15px;--awb-padding-bottom:15px;--awb-bg-color:#03568e;--awb-bg-color-hover:#03568e;--awb-bg-size:cover;width:33.333333333333%;width:calc(33.333333333333% - ( ( 4% + 4% ) * 0.33333333333333 ) );\" data-animationType=\"fadeInDown\" data-animationDuration=\"0.6\" data-animationOffset=\"top-into-view\"><div class=\"fusion-column-wrapper fusion-flex-column-wrapper-legacy\"><div class=\"fusion-column-content-centered\"><div class=\"fusion-column-content\"><div class=\"fusion-text fusion-text-4\"><h5 style=\"text-align: center;\"><a href=\"https:\/\/www.quantic-avocats.com\/en\/lawyer-it-contracts-saas-paas-or-iaas\/\"><span style=\"color: #ffffff;\">IT CONTRACTS \/ SaaS IaaS PaaS<\/span><\/a><\/h5>\n<\/div><\/div><\/div><div class=\"fusion-clearfix\"><\/div><\/div><\/div><div class=\"fusion-layout-column fusion_builder_column fusion-builder-column-5 fusion_builder_column_1_3 1_3 fusion-one-third fusion-column-first fusion-animated\" style=\"--awb-padding-top:15px;--awb-padding-bottom:15px;--awb-bg-color:#03568e;--awb-bg-color-hover:#03568e;--awb-bg-size:cover;width:33.333333333333%;width:calc(33.333333333333% - ( ( 4% + 4% ) * 0.33333333333333 ) );margin-right: 4%;\" data-animationType=\"fadeInDown\" data-animationDuration=\"0.6\" data-animationOffset=\"top-into-view\"><div class=\"fusion-column-wrapper fusion-flex-column-wrapper-legacy\"><div class=\"fusion-column-content-centered\"><div class=\"fusion-column-content\"><div class=\"fusion-text fusion-text-5\"><h5 style=\"text-align: center;\"><a href=\"https:\/\/www.quantic-avocats.com\/en\/lawyer-mobile-apps-and-m-commerce\/\"><span style=\"color: #ffffff;\">MOBILE APPS \/ M-COMMERCE<\/span><\/a><\/h5>\n<\/div><\/div><\/div><div class=\"fusion-clearfix\"><\/div><\/div><\/div><div class=\"fusion-layout-column fusion_builder_column fusion-builder-column-6 fusion_builder_column_1_3 1_3 fusion-one-third fusion-animated\" style=\"--awb-padding-top:15px;--awb-padding-bottom:15px;--awb-bg-color:#03568e;--awb-bg-color-hover:#03568e;--awb-bg-size:cover;width:33.333333333333%;width:calc(33.333333333333% - ( ( 4% + 4% ) * 0.33333333333333 ) );margin-right: 4%;\" data-animationType=\"fadeInDown\" data-animationDuration=\"0.6\" data-animationOffset=\"top-into-view\"><div class=\"fusion-column-wrapper fusion-flex-column-wrapper-legacy\"><div class=\"fusion-column-content-centered\"><div class=\"fusion-column-content\"><div class=\"fusion-text fusion-text-6\"><h5 style=\"text-align: center;\"><a href=\"https:\/\/www.quantic-avocats.com\/en\/lawyer-infringement\/\"><span style=\"color: #ffffff;\">INFRINGEMENT<\/span><\/a><\/h5>\n<\/div><\/div><\/div><div class=\"fusion-clearfix\"><\/div><\/div><\/div><div class=\"fusion-layout-column fusion_builder_column fusion-builder-column-7 fusion_builder_column_1_3 1_3 fusion-one-third fusion-column-last fusion-animated\" style=\"--awb-padding-top:15px;--awb-padding-bottom:15px;--awb-bg-color:#03568e;--awb-bg-color-hover:#03568e;--awb-bg-size:cover;width:33.333333333333%;width:calc(33.333333333333% - ( ( 4% + 4% ) * 0.33333333333333 ) );\" data-animationType=\"fadeInDown\" data-animationDuration=\"0.6\" data-animationOffset=\"top-into-view\"><div class=\"fusion-column-wrapper fusion-flex-column-wrapper-legacy\"><div class=\"fusion-column-content-centered\"><div class=\"fusion-column-content\"><div class=\"fusion-text fusion-text-7\"><h5 style=\"text-align: center;\"><a href=\"https:\/\/www.quantic-avocats.com\/en\/lawyer-domain-names\/\"><span style=\"color: #ffffff;\">DOMAIN NAMES<\/span><\/a><\/h5>\n<\/div><\/div><\/div><div class=\"fusion-clearfix\"><\/div><\/div><\/div><div class=\"fusion-layout-column fusion_builder_column fusion-builder-column-8 fusion_builder_column_1_3 1_3 fusion-one-third fusion-column-first fusion-animated\" style=\"--awb-padding-top:15px;--awb-padding-bottom:15px;--awb-bg-color:#03568e;--awb-bg-color-hover:#03568e;--awb-bg-size:cover;width:33.333333333333%;width:calc(33.333333333333% - ( ( 4% + 4% ) * 0.33333333333333 ) );margin-right: 4%;\" data-animationType=\"fadeInDown\" data-animationDuration=\"0.6\" data-animationOffset=\"top-into-view\"><div class=\"fusion-column-wrapper fusion-flex-column-wrapper-legacy\"><div class=\"fusion-column-content-centered\"><div class=\"fusion-column-content\"><div class=\"fusion-text fusion-text-8\"><h5 style=\"text-align: center;\"><a href=\"https:\/\/www.quantic-avocats.com\/en\/lawyer-unfair-competition-or-parasitism\/\"><span style=\"color: #ffffff;\">UNFAIR COMPETITION \/ PARASITISM <\/span><\/a><\/h5>\n<\/div><\/div><\/div><div class=\"fusion-clearfix\"><\/div><\/div><\/div><div class=\"fusion-layout-column fusion_builder_column fusion-builder-column-9 fusion_builder_column_1_3 1_3 fusion-one-third fusion-animated\" style=\"--awb-padding-top:15px;--awb-padding-bottom:15px;--awb-bg-color:#03568e;--awb-bg-color-hover:#03568e;--awb-bg-size:cover;width:33.333333333333%;width:calc(33.333333333333% - ( ( 4% + 4% ) * 0.33333333333333 ) );margin-right: 4%;\" data-animationType=\"fadeInDown\" data-animationDuration=\"0.6\" data-animationOffset=\"top-into-view\"><div class=\"fusion-column-wrapper fusion-flex-column-wrapper-legacy\"><div class=\"fusion-column-content-centered\"><div class=\"fusion-column-content\"><div class=\"fusion-text fusion-text-9\"><h5 style=\"text-align: center;\"><a href=\"https:\/\/www.quantic-avocats.com\/en\/lawyer-softwares\/\"><span style=\"color: #ffffff;\">SOFTWARES<\/span><\/a><\/h5>\n<\/div><\/div><\/div><div class=\"fusion-clearfix\"><\/div><\/div><\/div><div class=\"fusion-layout-column fusion_builder_column fusion-builder-column-10 fusion_builder_column_1_3 1_3 fusion-one-third fusion-column-last fusion-animated\" style=\"--awb-padding-top:15px;--awb-padding-bottom:15px;--awb-bg-color:#03568e;--awb-bg-color-hover:#03568e;--awb-bg-size:cover;width:33.333333333333%;width:calc(33.333333333333% - ( ( 4% + 4% ) * 0.33333333333333 ) );\" data-animationType=\"fadeInDown\" data-animationDuration=\"0.6\" data-animationOffset=\"top-into-view\"><div class=\"fusion-column-wrapper fusion-flex-column-wrapper-legacy\"><div class=\"fusion-column-content-centered\"><div class=\"fusion-column-content\"><div class=\"fusion-text fusion-text-10\"><h5 style=\"text-align: center;\"><a href=\"https:\/\/www.quantic-avocats.com\/en\/lawyer-industrial-design\/\"><span style=\"color: #ffffff;\">INDUSTRIAL DESIGN<\/span><\/a><\/h5>\n<\/div><\/div><\/div><div class=\"fusion-clearfix\"><\/div><\/div><\/div><div class=\"fusion-layout-column fusion_builder_column fusion-builder-column-11 fusion_builder_column_1_3 1_3 fusion-one-third fusion-column-first fusion-animated\" style=\"--awb-padding-top:15px;--awb-padding-bottom:15px;--awb-bg-color:#03568e;--awb-bg-color-hover:#03568e;--awb-bg-size:cover;width:33.333333333333%;width:calc(33.333333333333% - ( ( 4% + 4% ) * 0.33333333333333 ) );margin-right: 4%;\" data-animationType=\"fadeInDown\" data-animationDuration=\"0.6\" data-animationOffset=\"top-into-view\"><div class=\"fusion-column-wrapper fusion-flex-column-wrapper-legacy\"><div class=\"fusion-column-content-centered\"><div class=\"fusion-column-content\"><div class=\"fusion-text fusion-text-11\"><h5 style=\"text-align: center;\"><a href=\"https:\/\/www.quantic-avocats.com\/en\/lawyer-websites-and-e-commerce\/\"><span style=\"color: #ffffff;\">WEBSITES \/ E-COMMERCE<\/span><\/a><\/h5>\n<\/div><\/div><\/div><div class=\"fusion-clearfix\"><\/div><\/div><\/div><div class=\"fusion-layout-column fusion_builder_column fusion-builder-column-12 fusion_builder_column_1_3 1_3 fusion-one-third fusion-animated\" style=\"--awb-padding-top:15px;--awb-padding-bottom:15px;--awb-bg-color:#03568e;--awb-bg-color-hover:#03568e;--awb-bg-size:cover;width:33.333333333333%;width:calc(33.333333333333% - ( ( 4% + 4% ) * 0.33333333333333 ) );margin-right: 4%;\" data-animationType=\"fadeInDown\" data-animationDuration=\"0.6\" data-animationOffset=\"top-into-view\"><div class=\"fusion-column-wrapper fusion-flex-column-wrapper-legacy\"><div class=\"fusion-column-content-centered\"><div class=\"fusion-column-content\"><div class=\"fusion-text fusion-text-12\"><h5 style=\"text-align: center;\"><a href=\"https:\/\/www.quantic-avocats.com\/en\/lawyer-personal-data\/\"><span style=\"color: #ffffff;\">PERSONAL DATA<\/span><\/a><\/h5>\n<\/div><\/div><\/div><div class=\"fusion-clearfix\"><\/div><\/div><\/div><div class=\"fusion-layout-column fusion_builder_column fusion-builder-column-13 fusion_builder_column_1_3 1_3 fusion-one-third fusion-column-last fusion-animated\" style=\"--awb-padding-top:15px;--awb-padding-bottom:15px;--awb-bg-color:#03568e;--awb-bg-color-hover:#03568e;--awb-bg-size:cover;width:33.333333333333%;width:calc(33.333333333333% - ( ( 4% + 4% ) * 0.33333333333333 ) );\" data-animationType=\"fadeInDown\" data-animationDuration=\"0.6\" data-animationOffset=\"top-into-view\"><div class=\"fusion-column-wrapper fusion-flex-column-wrapper-legacy\"><div class=\"fusion-column-content-centered\"><div class=\"fusion-column-content\"><div class=\"fusion-text fusion-text-13\"><h5 style=\"text-align: center;\"><a href=\"https:\/\/www.quantic-avocats.com\/en\/lawyer-patents\/\"><span style=\"color: #ffffff;\">PATENTS<\/span><\/a><\/h5>\n<\/div><\/div><\/div><div class=\"fusion-clearfix\"><\/div><\/div><\/div><div class=\"fusion-layout-column fusion_builder_column fusion-builder-column-14 fusion_builder_column_1_3 1_3 fusion-one-third fusion-column-first fusion-animated\" style=\"--awb-padding-top:15px;--awb-padding-bottom:15px;--awb-bg-color:#03568e;--awb-bg-color-hover:#03568e;--awb-bg-size:cover;width:33.333333333333%;width:calc(33.333333333333% - ( ( 4% + 4% ) * 0.33333333333333 ) );margin-right: 4%;\" data-animationType=\"fadeInDown\" data-animationDuration=\"0.6\" data-animationOffset=\"top-into-view\"><div class=\"fusion-column-wrapper fusion-flex-column-wrapper-legacy\"><div class=\"fusion-column-content-centered\"><div class=\"fusion-column-content\"><div class=\"fusion-text fusion-text-14\"><h5 style=\"text-align: center;\"><a href=\"https:\/\/www.quantic-avocats.com\/en\/lawyer-online-reputation\/\"><span style=\"color: #ffffff;\">ONLINE REPUTATION<\/span><\/a><\/h5>\n<\/div><\/div><\/div><div class=\"fusion-clearfix\"><\/div><\/div><\/div><div class=\"fusion-layout-column fusion_builder_column fusion-builder-column-15 fusion_builder_column_1_3 1_3 fusion-one-third fusion-animated\" style=\"--awb-padding-top:15px;--awb-padding-bottom:15px;--awb-bg-color:#03568e;--awb-bg-color-hover:#03568e;--awb-bg-size:cover;width:33.333333333333%;width:calc(33.333333333333% - ( ( 4% + 4% ) * 0.33333333333333 ) );margin-right: 4%;\" data-animationType=\"fadeInDown\" data-animationDuration=\"0.6\" data-animationOffset=\"top-into-view\"><div class=\"fusion-column-wrapper fusion-flex-column-wrapper-legacy\"><div class=\"fusion-column-content-centered\"><div class=\"fusion-column-content\"><div class=\"fusion-text fusion-text-15\"><h5 style=\"text-align: center;\"><a href=\"https:\/\/www.quantic-avocats.com\/en\/lawyer-cybersecurity\/\"><span style=\"color: #ffffff;\">CYBERSECURITY<\/span><\/a><\/h5>\n<\/div><\/div><\/div><div class=\"fusion-clearfix\"><\/div><\/div><\/div><div class=\"fusion-layout-column fusion_builder_column fusion-builder-column-16 fusion_builder_column_1_3 1_3 fusion-one-third fusion-column-last fusion-animated\" style=\"--awb-padding-top:15px;--awb-padding-bottom:15px;--awb-bg-color:#03568e;--awb-bg-color-hover:#03568e;--awb-bg-size:cover;width:33.333333333333%;width:calc(33.333333333333% - ( ( 4% + 4% ) * 0.33333333333333 ) );\" data-animationType=\"fadeInDown\" data-animationDuration=\"0.6\" data-animationOffset=\"top-into-view\"><div class=\"fusion-column-wrapper fusion-flex-column-wrapper-legacy\"><div class=\"fusion-column-content-centered\"><div class=\"fusion-column-content\"><div class=\"fusion-text fusion-text-16\"><h5 style=\"text-align: center;\"><a href=\"https:\/\/www.quantic-avocats.com\/en\/lawyer-connected-devices\"><span style=\"color: #ffffff;\">CONNECTED DEVICES<\/span><\/a><\/h5>\n<\/div><\/div><\/div><div class=\"fusion-clearfix\"><\/div><\/div><\/div><\/div><\/div><\/p>\n","protected":false},"excerpt":{"rendered":"","protected":false},"author":2,"featured_media":0,"parent":0,"menu_order":0,"comment_status":"closed","ping_status":"closed","template":"100-width.php","meta":{"footnotes":""},"class_list":["post-1132","page","type-page","status-publish","hentry"],"yoast_head":"<!-- This site is optimized with the Yoast SEO plugin v27.4 - https:\/\/yoast.com\/product\/yoast-seo-wordpress\/ -->\n<title>Domain Names - Quantic Avocats<\/title>\n<meta name=\"robots\" content=\"index, follow, max-snippet:-1, max-image-preview:large, max-video-preview:-1\" \/>\n<link rel=\"canonical\" href=\"https:\/\/www.quantic-avocats.com\/en\/lawyer-domain-names\/\" \/>\n<meta property=\"og:locale\" content=\"en_US\" \/>\n<meta property=\"og:type\" content=\"article\" \/>\n<meta property=\"og:title\" content=\"Domain Names - Quantic Avocats\" \/>\n<meta property=\"og:url\" content=\"https:\/\/www.quantic-avocats.com\/en\/lawyer-domain-names\/\" \/>\n<meta property=\"og:site_name\" content=\"Quantic Avocats\" \/>\n<meta property=\"article:modified_time\" content=\"2017-11-29T19:15:49+00:00\" \/>\n<meta name=\"twitter:card\" content=\"summary_large_image\" \/>\n<meta name=\"twitter:label1\" content=\"Est. reading time\" \/>\n\t<meta name=\"twitter:data1\" content=\"10 minutes\" \/>\n<script type=\"application\/ld+json\" class=\"yoast-schema-graph\">{\"@context\":\"https:\\\/\\\/schema.org\",\"@graph\":[{\"@type\":\"WebPage\",\"@id\":\"https:\\\/\\\/www.quantic-avocats.com\\\/en\\\/lawyer-domain-names\\\/\",\"url\":\"https:\\\/\\\/www.quantic-avocats.com\\\/en\\\/lawyer-domain-names\\\/\",\"name\":\"Domain Names - Quantic Avocats\",\"isPartOf\":{\"@id\":\"https:\\\/\\\/www.quantic-avocats.com\\\/en\\\/#website\"},\"datePublished\":\"2017-02-21T22:05:11+00:00\",\"dateModified\":\"2017-11-29T19:15:49+00:00\",\"breadcrumb\":{\"@id\":\"https:\\\/\\\/www.quantic-avocats.com\\\/en\\\/lawyer-domain-names\\\/#breadcrumb\"},\"inLanguage\":\"en-US\",\"potentialAction\":[{\"@type\":\"ReadAction\",\"target\":[\"https:\\\/\\\/www.quantic-avocats.com\\\/en\\\/lawyer-domain-names\\\/\"]}]},{\"@type\":\"BreadcrumbList\",\"@id\":\"https:\\\/\\\/www.quantic-avocats.com\\\/en\\\/lawyer-domain-names\\\/#breadcrumb\",\"itemListElement\":[{\"@type\":\"ListItem\",\"position\":1,\"name\":\"Accueil\",\"item\":\"https:\\\/\\\/www.quantic-avocats.com\\\/en\\\/\"},{\"@type\":\"ListItem\",\"position\":2,\"name\":\"Domain Names\"}]},{\"@type\":\"WebSite\",\"@id\":\"https:\\\/\\\/www.quantic-avocats.com\\\/en\\\/#website\",\"url\":\"https:\\\/\\\/www.quantic-avocats.com\\\/en\\\/\",\"name\":\"Quantic Avocats\",\"description\":\"Propri\u00e9t\u00e9 intellectuelle, Informatique et Internet, donn\u00e9es personnelles\",\"potentialAction\":[{\"@type\":\"SearchAction\",\"target\":{\"@type\":\"EntryPoint\",\"urlTemplate\":\"https:\\\/\\\/www.quantic-avocats.com\\\/en\\\/?s={search_term_string}\"},\"query-input\":{\"@type\":\"PropertyValueSpecification\",\"valueRequired\":true,\"valueName\":\"search_term_string\"}}],\"inLanguage\":\"en-US\"}]}<\/script>\n<!-- \/ Yoast SEO plugin. -->","yoast_head_json":{"title":"Domain Names - Quantic Avocats","robots":{"index":"index","follow":"follow","max-snippet":"max-snippet:-1","max-image-preview":"max-image-preview:large","max-video-preview":"max-video-preview:-1"},"canonical":"https:\/\/www.quantic-avocats.com\/en\/lawyer-domain-names\/","og_locale":"en_US","og_type":"article","og_title":"Domain Names - Quantic Avocats","og_url":"https:\/\/www.quantic-avocats.com\/en\/lawyer-domain-names\/","og_site_name":"Quantic Avocats","article_modified_time":"2017-11-29T19:15:49+00:00","twitter_card":"summary_large_image","twitter_misc":{"Est. reading time":"10 minutes"},"schema":{"@context":"https:\/\/schema.org","@graph":[{"@type":"WebPage","@id":"https:\/\/www.quantic-avocats.com\/en\/lawyer-domain-names\/","url":"https:\/\/www.quantic-avocats.com\/en\/lawyer-domain-names\/","name":"Domain Names - Quantic Avocats","isPartOf":{"@id":"https:\/\/www.quantic-avocats.com\/en\/#website"},"datePublished":"2017-02-21T22:05:11+00:00","dateModified":"2017-11-29T19:15:49+00:00","breadcrumb":{"@id":"https:\/\/www.quantic-avocats.com\/en\/lawyer-domain-names\/#breadcrumb"},"inLanguage":"en-US","potentialAction":[{"@type":"ReadAction","target":["https:\/\/www.quantic-avocats.com\/en\/lawyer-domain-names\/"]}]},{"@type":"BreadcrumbList","@id":"https:\/\/www.quantic-avocats.com\/en\/lawyer-domain-names\/#breadcrumb","itemListElement":[{"@type":"ListItem","position":1,"name":"Accueil","item":"https:\/\/www.quantic-avocats.com\/en\/"},{"@type":"ListItem","position":2,"name":"Domain Names"}]},{"@type":"WebSite","@id":"https:\/\/www.quantic-avocats.com\/en\/#website","url":"https:\/\/www.quantic-avocats.com\/en\/","name":"Quantic Avocats","description":"Propri\u00e9t\u00e9 intellectuelle, Informatique et Internet, donn\u00e9es personnelles","potentialAction":[{"@type":"SearchAction","target":{"@type":"EntryPoint","urlTemplate":"https:\/\/www.quantic-avocats.com\/en\/?s={search_term_string}"},"query-input":{"@type":"PropertyValueSpecification","valueRequired":true,"valueName":"search_term_string"}}],"inLanguage":"en-US"}]}},"_links":{"self":[{"href":"https:\/\/www.quantic-avocats.com\/en\/wp-json\/wp\/v2\/pages\/1132","targetHints":{"allow":["GET"]}}],"collection":[{"href":"https:\/\/www.quantic-avocats.com\/en\/wp-json\/wp\/v2\/pages"}],"about":[{"href":"https:\/\/www.quantic-avocats.com\/en\/wp-json\/wp\/v2\/types\/page"}],"author":[{"embeddable":true,"href":"https:\/\/www.quantic-avocats.com\/en\/wp-json\/wp\/v2\/users\/2"}],"replies":[{"embeddable":true,"href":"https:\/\/www.quantic-avocats.com\/en\/wp-json\/wp\/v2\/comments?post=1132"}],"version-history":[{"count":5,"href":"https:\/\/www.quantic-avocats.com\/en\/wp-json\/wp\/v2\/pages\/1132\/revisions"}],"predecessor-version":[{"id":1469,"href":"https:\/\/www.quantic-avocats.com\/en\/wp-json\/wp\/v2\/pages\/1132\/revisions\/1469"}],"wp:attachment":[{"href":"https:\/\/www.quantic-avocats.com\/en\/wp-json\/wp\/v2\/media?parent=1132"}],"curies":[{"name":"wp","href":"https:\/\/api.w.org\/{rel}","templated":true}]}}